{"id":1392,"date":"2025-10-28T22:24:01","date_gmt":"2025-10-28T22:24:01","guid":{"rendered":"https:\/\/marcfcorporation.com\/?page_id=1392"},"modified":"2025-10-31T19:10:09","modified_gmt":"2025-10-31T19:10:09","slug":"producto","status":"publish","type":"page","link":"https:\/\/marcfcorporation.com\/index.php\/producto\/","title":{"rendered":"Producto"},"content":{"rendered":"\t\t<div data-elementor-type=\"wp-page\" data-elementor-id=\"1392\" class=\"elementor elementor-1392\" data-elementor-post-type=\"page\">\n\t\t\t\t\t\t<section class=\"elementor-section elementor-top-section elementor-element elementor-element-10305d20 elementor-section-height-min-height elementor-section-boxed elementor-section-height-default elementor-section-items-middle wpr-particle-no wpr-jarallax-no wpr-parallax-no wpr-sticky-section-no\" data-id=\"10305d20\" data-element_type=\"section\" data-settings=\"{&quot;background_background&quot;:&quot;classic&quot;,&quot;shape_divider_bottom&quot;:&quot;tilt&quot;}\">\n\t\t\t\t\t\t\t<div class=\"elementor-background-overlay\"><\/div>\n\t\t\t\t\t\t<div class=\"elementor-shape elementor-shape-bottom\" aria-hidden=\"true\" data-negative=\"false\">\n\t\t\t<svg xmlns=\"http:\/\/www.w3.org\/2000\/svg\" viewBox=\"0 0 1000 100\" preserveAspectRatio=\"none\">\n\t<path class=\"elementor-shape-fill\" d=\"M0,6V0h1000v100L0,6z\"\/>\n<\/svg>\t\t<\/div>\n\t\t\t\t\t<div class=\"elementor-container elementor-column-gap-default\">\n\t\t\t\t\t<div class=\"elementor-column elementor-col-100 elementor-top-column elementor-element elementor-element-10a32f91\" data-id=\"10a32f91\" data-element_type=\"column\">\n\t\t\t<div class=\"elementor-widget-wrap elementor-element-populated\">\n\t\t\t\t\t\t<div class=\"elementor-element elementor-element-6b4b9f22 elementor-widget elementor-widget-heading\" data-id=\"6b4b9f22\" data-element_type=\"widget\" data-widget_type=\"heading.default\">\n\t\t\t\t\t<h2 class=\"elementor-heading-title elementor-size-default\">PRODUCTOS<\/h2>\t\t\t\t<\/div>\n\t\t\t\t<div class=\"elementor-element elementor-element-123eccbf elementor-widget elementor-widget-heading\" data-id=\"123eccbf\" data-element_type=\"widget\" data-widget_type=\"heading.default\">\n\t\t\t\t\t<h2 class=\"elementor-heading-title elementor-size-default\">Inicio - Productos<\/h2>\t\t\t\t<\/div>\n\t\t\t\t\t<\/div>\n\t\t<\/div>\n\t\t\t\t\t<\/div>\n\t\t<\/section>\n\t\t<div class=\"elementor-element elementor-element-151a28e e-flex e-con-boxed wpr-particle-no wpr-jarallax-no wpr-parallax-no wpr-sticky-section-no e-con e-parent\" data-id=\"151a28e\" data-element_type=\"container\">\n\t\t\t\t\t<div class=\"e-con-inner\">\n\t\t<div class=\"elementor-element elementor-element-86ac00b e-con-full e-flex wpr-particle-no wpr-jarallax-no wpr-parallax-no wpr-sticky-section-no e-con e-child\" data-id=\"86ac00b\" data-element_type=\"container\">\n\t\t\t\t<div class=\"elementor-element elementor-element-3e54aa4 elementor-widget elementor-widget-heading\" data-id=\"3e54aa4\" data-element_type=\"widget\" data-widget_type=\"heading.default\">\n\t\t\t\t\t<h2 class=\"elementor-heading-title elementor-size-default\">Transformadores de Potencia\n<\/h2>\t\t\t\t<\/div>\n\t\t\t\t<div class=\"elementor-element elementor-element-02e999f elementor-widget elementor-widget-text-editor\" data-id=\"02e999f\" data-element_type=\"widget\" data-widget_type=\"text-editor.default\">\n\t\t\t\t\t\t\t\t\t<p>El transformador de potencia es utilizado en subestaciones de distribuci\u00f3n el\u00e9ctrica, convierten la electricidad a valores de voltaje m\u00e1s altos y bajos para fines espec\u00edficos. En las redes el\u00e9ctricas, se considera como un componente principal para suministrar tensi\u00f3n a sus conexiones.<\/p>\t\t\t\t\t\t\t\t<\/div>\n\t\t\t\t<\/div>\n\t\t<div class=\"elementor-element elementor-element-8657ce0 e-con-full e-flex wpr-particle-no wpr-jarallax-no wpr-parallax-no wpr-sticky-section-no e-con e-child\" data-id=\"8657ce0\" data-element_type=\"container\">\n\t\t\t\t<div class=\"elementor-element elementor-element-00e0ac1 elementor-widget elementor-widget-image\" data-id=\"00e0ac1\" data-element_type=\"widget\" data-widget_type=\"image.default\">\n\t\t\t\t\t\t\t\t\t\t\t\t\t\t\t<img fetchpriority=\"high\" decoding=\"async\" width=\"600\" height=\"735\" src=\"https:\/\/marcfcorporation.com\/wp-content\/uploads\/2025\/10\/transformadores-de-potencia-001.png\" class=\"attachment-large size-large wp-image-1397\" alt=\"\" srcset=\"https:\/\/marcfcorporation.com\/wp-content\/uploads\/2025\/10\/transformadores-de-potencia-001.png 600w, https:\/\/marcfcorporation.com\/wp-content\/uploads\/2025\/10\/transformadores-de-potencia-001-245x300.png 245w\" sizes=\"(max-width: 600px) 100vw, 600px\" \/>\t\t\t\t\t\t\t\t\t\t\t\t\t\t\t<\/div>\n\t\t\t\t<\/div>\n\t\t\t\t\t<\/div>\n\t\t\t\t<\/div>\n\t\t<div class=\"elementor-element elementor-element-8820aa3 e-flex e-con-boxed wpr-particle-no wpr-jarallax-no wpr-parallax-no wpr-sticky-section-no e-con e-parent\" data-id=\"8820aa3\" data-element_type=\"container\">\n\t\t\t\t\t<div class=\"e-con-inner\">\n\t\t\t\t<div class=\"elementor-element elementor-element-0d6a7b9 elementor-widget elementor-widget-heading\" data-id=\"0d6a7b9\" data-element_type=\"widget\" data-widget_type=\"heading.default\">\n\t\t\t\t\t<h2 class=\"elementor-heading-title elementor-size-default\">Filtros Activos de Potencia\n<\/h2>\t\t\t\t<\/div>\n\t\t\t\t<div class=\"elementor-element elementor-element-1714f90 elementor-widget elementor-widget-text-editor\" data-id=\"1714f90\" data-element_type=\"widget\" data-widget_type=\"text-editor.default\">\n\t\t\t\t\t\t\t\t\t<div class=\"elementor-element elementor-element-e42fb33 elementor-widget elementor-widget-icon-box animated fadeInLeft\" data-id=\"e42fb33\" data-element_type=\"widget\" data-settings=\"{&quot;_animation&quot;:&quot;fadeInLeft&quot;}\" data-widget_type=\"icon-box.default\"><div class=\"elementor-widget-container\"><div class=\"elementor-icon-box-wrapper\"><div class=\"elementor-icon-box-content\"><p class=\"elementor-icon-box-description\">Los filtros de potencia activa son utilizados para reducir los niveles de arm\u00f3nicos, as\u00ed tambi\u00e9n para la compensaci\u00f3n de energ\u00eda reactiva presentes en la red, permiten mejorar la calidad de la energ\u00eda, aumentando la estabilidad de la red el\u00e9ctrica.<\/p><\/div><\/div><\/div><\/div><div class=\"elementor-element elementor-element-474a25b elementor-widget elementor-widget-image animated fadeInRight\" data-id=\"474a25b\" data-element_type=\"widget\" data-settings=\"{&quot;_animation&quot;:&quot;fadeInRight&quot;,&quot;_animation_delay&quot;:1000}\" data-widget_type=\"image.default\">\u00a0<\/div>\t\t\t\t\t\t\t\t<\/div>\n\t\t\t\t<div class=\"elementor-element elementor-element-aed5ba4 elementor-widget elementor-widget-image\" data-id=\"aed5ba4\" data-element_type=\"widget\" data-widget_type=\"image.default\">\n\t\t\t\t\t\t\t\t\t\t\t\t\t\t\t<img decoding=\"async\" width=\"630\" height=\"473\" src=\"https:\/\/marcfcorporation.com\/wp-content\/uploads\/2025\/10\/filtros-activos-de-potencia.png\" class=\"attachment-large size-large wp-image-1396\" alt=\"\" srcset=\"https:\/\/marcfcorporation.com\/wp-content\/uploads\/2025\/10\/filtros-activos-de-potencia.png 630w, https:\/\/marcfcorporation.com\/wp-content\/uploads\/2025\/10\/filtros-activos-de-potencia-300x225.png 300w\" sizes=\"(max-width: 630px) 100vw, 630px\" \/>\t\t\t\t\t\t\t\t\t\t\t\t\t\t\t<\/div>\n\t\t\t\t\t<\/div>\n\t\t\t\t<\/div>\n\t\t<div class=\"elementor-element elementor-element-b30540c e-flex e-con-boxed wpr-particle-no wpr-jarallax-no wpr-parallax-no wpr-sticky-section-no e-con e-parent\" data-id=\"b30540c\" data-element_type=\"container\">\n\t\t\t\t\t<div class=\"e-con-inner\">\n\t\t<div class=\"elementor-element elementor-element-5830f6b e-con-full e-flex wpr-particle-no wpr-jarallax-no wpr-parallax-no wpr-sticky-section-no e-con e-child\" data-id=\"5830f6b\" data-element_type=\"container\">\n\t\t\t\t<div class=\"elementor-element elementor-element-b347006 elementor-widget elementor-widget-image\" data-id=\"b347006\" data-element_type=\"widget\" data-widget_type=\"image.default\">\n\t\t\t\t\t\t\t\t\t\t\t\t\t\t\t<img decoding=\"async\" width=\"575\" height=\"1024\" src=\"https:\/\/marcfcorporation.com\/wp-content\/uploads\/2025\/10\/banco-de-condensadores-001-575x1024.png\" class=\"attachment-large size-large wp-image-1395\" alt=\"\" srcset=\"https:\/\/marcfcorporation.com\/wp-content\/uploads\/2025\/10\/banco-de-condensadores-001-575x1024.png 575w, https:\/\/marcfcorporation.com\/wp-content\/uploads\/2025\/10\/banco-de-condensadores-001-169x300.png 169w, https:\/\/marcfcorporation.com\/wp-content\/uploads\/2025\/10\/banco-de-condensadores-001.png 600w\" sizes=\"(max-width: 575px) 100vw, 575px\" \/>\t\t\t\t\t\t\t\t\t\t\t\t\t\t\t<\/div>\n\t\t\t\t<\/div>\n\t\t<div class=\"elementor-element elementor-element-2f414e6 e-con-full e-flex wpr-particle-no wpr-jarallax-no wpr-parallax-no wpr-sticky-section-no e-con e-child\" data-id=\"2f414e6\" data-element_type=\"container\">\n\t\t\t\t<div class=\"elementor-element elementor-element-db6b968 elementor-widget elementor-widget-heading\" data-id=\"db6b968\" data-element_type=\"widget\" data-widget_type=\"heading.default\">\n\t\t\t\t\t<h2 class=\"elementor-heading-title elementor-size-default\">Banco de Condensadores\n<\/h2>\t\t\t\t<\/div>\n\t\t\t\t<div class=\"elementor-element elementor-element-d858585 elementor-widget elementor-widget-text-editor\" data-id=\"d858585\" data-element_type=\"widget\" data-widget_type=\"text-editor.default\">\n\t\t\t\t\t\t\t\t\t<p>Los bancos de condensadores juegan un rol importante en el funcionamiento de toda subestaci\u00f3n el\u00e9ctrica, compensando la energ\u00eda reactiva consumida por los motores el\u00e9ctricos, reduciendo ca\u00eddas de tensi\u00f3n, fallas de energ\u00eda y corrigiendo la transmisi\u00f3n de energ\u00eda en los cables el\u00e9ctricos, para evitar la generaci\u00f3n de mayores costos prevenientes de este tipo de energ\u00eda.<\/p>\t\t\t\t\t\t\t\t<\/div>\n\t\t\t\t<\/div>\n\t\t\t\t\t<\/div>\n\t\t\t\t<\/div>\n\t\t<div class=\"elementor-element elementor-element-06d7982 e-flex e-con-boxed wpr-particle-no wpr-jarallax-no wpr-parallax-no wpr-sticky-section-no e-con e-parent\" data-id=\"06d7982\" data-element_type=\"container\">\n\t\t\t\t\t<div class=\"e-con-inner\">\n\t\t<div class=\"elementor-element elementor-element-4915201 e-con-full e-flex wpr-particle-no wpr-jarallax-no wpr-parallax-no wpr-sticky-section-no e-con e-child\" data-id=\"4915201\" data-element_type=\"container\">\n\t\t\t\t<div class=\"elementor-element elementor-element-19e9a2a elementor-widget elementor-widget-image\" data-id=\"19e9a2a\" data-element_type=\"widget\" data-widget_type=\"image.default\">\n\t\t\t\t\t\t\t\t\t\t\t\t\t\t\t<img loading=\"lazy\" decoding=\"async\" width=\"600\" height=\"800\" src=\"https:\/\/marcfcorporation.com\/wp-content\/uploads\/2025\/10\/img-004.png\" class=\"attachment-large size-large wp-image-1394\" alt=\"\" srcset=\"https:\/\/marcfcorporation.com\/wp-content\/uploads\/2025\/10\/img-004.png 600w, https:\/\/marcfcorporation.com\/wp-content\/uploads\/2025\/10\/img-004-225x300.png 225w\" sizes=\"(max-width: 600px) 100vw, 600px\" \/>\t\t\t\t\t\t\t\t\t\t\t\t\t\t\t<\/div>\n\t\t\t\t<\/div>\n\t\t<div class=\"elementor-element elementor-element-63f9506 e-con-full e-flex wpr-particle-no wpr-jarallax-no wpr-parallax-no wpr-sticky-section-no e-con e-child\" data-id=\"63f9506\" data-element_type=\"container\">\n\t\t\t\t<div class=\"elementor-element elementor-element-2b14d4a elementor-widget elementor-widget-heading\" data-id=\"2b14d4a\" data-element_type=\"widget\" data-widget_type=\"heading.default\">\n\t\t\t\t\t<h2 class=\"elementor-heading-title elementor-size-default\">Tableros El\u00e9ctricos\n<\/h2>\t\t\t\t<\/div>\n\t\t\t\t<div class=\"elementor-element elementor-element-b53575f elementor-widget elementor-widget-text-editor\" data-id=\"b53575f\" data-element_type=\"widget\" data-widget_type=\"text-editor.default\">\n\t\t\t\t\t\t\t\t\t<p>En una instalaci\u00f3n el\u00e9ctrica, los tableros el\u00e9ctricos son la parte principal, es all\u00ed, donde se encuentran los dispositivos de seguridad y los mecanismos de maniobra de dicha instalaci\u00f3n.<\/p><p>En t\u00e9rminos generales, los tableros el\u00e9ctricos son gabinetes en los que se concentran los dispositivos de conexi\u00f3n, control, maniobra, protecci\u00f3n, medida, se\u00f1alizaci\u00f3n y distribuci\u00f3n, todos estos dispositivos permiten que una instalaci\u00f3n el\u00e9ctrica funcione adecuadamente.<\/p><p>Los tableros el\u00e9ctricos deben cumplir las normas el\u00e9ctricas que permitan su funcionamiento de forma adecuada cuando ya se encuentra en funcionamiento en la instalaci\u00f3n el\u00e9ctrica. El cumplimiento de estas normas garantiza la seguridad tanto de las instalaciones en las que haya presencia de tableros el\u00e9ctricos como de los operarios.<\/p><p>}Una importante medida de seguridad para los tableros el\u00e9ctricos es la instalaci\u00f3n de interruptores de seguridad (interruptores diferenciales) principalmente en los circuitos derivados. El dise\u00f1o, fabricaci\u00f3n, montaje y pruebas diel\u00e9ctricas realizadas de manera correcta permitir\u00e1 la fiabilidad y continuidad del servicio el\u00e9ctrico.<\/p>\t\t\t\t\t\t\t\t<\/div>\n\t\t\t\t<\/div>\n\t\t\t\t\t<\/div>\n\t\t\t\t<\/div>\n\t\t<div class=\"elementor-element elementor-element-79f6c83b e-flex e-con-boxed wpr-particle-no wpr-jarallax-no wpr-parallax-no wpr-sticky-section-no e-con e-parent\" data-id=\"79f6c83b\" data-element_type=\"container\" data-settings=\"{&quot;background_background&quot;:&quot;classic&quot;}\">\n\t\t\t\t\t<div class=\"e-con-inner\">\n\t\t<div class=\"elementor-element elementor-element-5bc5a605 e-con-full e-flex wpr-particle-no wpr-jarallax-no wpr-parallax-no wpr-sticky-section-no e-con e-child\" data-id=\"5bc5a605\" data-element_type=\"container\">\n\t\t\t\t<\/div>\n\t\t<div class=\"elementor-element elementor-element-1947192 e-con-full e-flex wpr-particle-no wpr-jarallax-no wpr-parallax-no wpr-sticky-section-no e-con e-child\" data-id=\"1947192\" data-element_type=\"container\">\n\t\t\t\t<div class=\"elementor-element elementor-element-35732143 elementor-widget elementor-widget-heading\" data-id=\"35732143\" data-element_type=\"widget\" data-widget_type=\"heading.default\">\n\t\t\t\t\t<h2 class=\"elementor-heading-title elementor-size-default\">Solicitar una Cotizaci\u00f3n<\/h2>\t\t\t\t<\/div>\n\t\t\t\t<div class=\"elementor-element elementor-element-20c40ae5 elementor-widget elementor-widget-heading\" data-id=\"20c40ae5\" data-element_type=\"widget\" data-widget_type=\"heading.default\">\n\t\t\t\t\t<h2 class=\"elementor-heading-title elementor-size-default\">Estamos a su disposici\u00f3n<\/h2>\t\t\t\t<\/div>\n\t\t\t\t<div class=\"elementor-element elementor-element-69cf95a4 elementor-button-align-stretch elementor-widget elementor-widget-form\" data-id=\"69cf95a4\" data-element_type=\"widget\" data-settings=\"{&quot;step_next_label&quot;:&quot;Next&quot;,&quot;step_previous_label&quot;:&quot;Previous&quot;,&quot;button_width&quot;:&quot;100&quot;,&quot;step_type&quot;:&quot;number_text&quot;,&quot;step_icon_shape&quot;:&quot;circle&quot;}\" data-widget_type=\"form.default\">\n\t\t\t\t\t\t\t<form class=\"elementor-form\" method=\"post\" name=\"New Form\">\n\t\t\t<input type=\"hidden\" name=\"post_id\" value=\"1392\"\/>\n\t\t\t<input type=\"hidden\" name=\"form_id\" value=\"69cf95a4\"\/>\n\t\t\t<input type=\"hidden\" name=\"referer_title\" value=\"Producto\" \/>\n\n\t\t\t\t\t\t\t<input type=\"hidden\" name=\"queried_id\" value=\"1392\"\/>\n\t\t\t\n\t\t\t<div class=\"elementor-form-fields-wrapper elementor-labels-above\">\n\t\t\t\t\t\t\t\t<div class=\"elementor-field-type-text elementor-field-group elementor-column elementor-field-group-name elementor-col-100\">\n\t\t\t\t\t\t\t\t\t\t\t\t<label for=\"form-field-name\" class=\"elementor-field-label\">\n\t\t\t\t\t\t\t\tNombre\t\t\t\t\t\t\t<\/label>\n\t\t\t\t\t\t\t\t\t\t\t\t\t\t<input size=\"1\" type=\"text\" name=\"form_fields[name]\" id=\"form-field-name\" class=\"elementor-field elementor-size-sm  elementor-field-textual\" placeholder=\"Nombre\">\n\t\t\t\t\t\t\t\t\t\t\t<\/div>\n\t\t\t\t\t\t\t\t<div class=\"elementor-field-type-tel elementor-field-group elementor-column elementor-field-group-field_16cb4d1 elementor-col-100\">\n\t\t\t\t\t\t\t\t\t\t\t\t<label for=\"form-field-field_16cb4d1\" class=\"elementor-field-label\">\n\t\t\t\t\t\t\t\tCelular\t\t\t\t\t\t\t<\/label>\n\t\t\t\t\t\t\t\t<input size=\"1\" type=\"tel\" name=\"form_fields[field_16cb4d1]\" id=\"form-field-field_16cb4d1\" class=\"elementor-field elementor-size-sm  elementor-field-textual\" placeholder=\"Celular\" pattern=\"[0-9()#&amp;+*-=.]+\" title=\"Only numbers and phone characters (#, -, *, etc) are accepted.\">\n\n\t\t\t\t\t\t<\/div>\n\t\t\t\t\t\t\t\t<div class=\"elementor-field-type-email elementor-field-group elementor-column elementor-field-group-email elementor-col-100 elementor-field-required\">\n\t\t\t\t\t\t\t\t\t\t\t\t<label for=\"form-field-email\" class=\"elementor-field-label\">\n\t\t\t\t\t\t\t\tEmail\t\t\t\t\t\t\t<\/label>\n\t\t\t\t\t\t\t\t\t\t\t\t\t\t<input size=\"1\" type=\"email\" name=\"form_fields[email]\" id=\"form-field-email\" class=\"elementor-field elementor-size-sm  elementor-field-textual\" placeholder=\"Email\" required=\"required\">\n\t\t\t\t\t\t\t\t\t\t\t<\/div>\n\t\t\t\t\t\t\t\t<div class=\"elementor-field-type-textarea elementor-field-group elementor-column elementor-field-group-message elementor-col-100\">\n\t\t\t\t\t\t\t\t\t\t\t\t<label for=\"form-field-message\" class=\"elementor-field-label\">\n\t\t\t\t\t\t\t\tMensaje\t\t\t\t\t\t\t<\/label>\n\t\t\t\t\t\t<textarea class=\"elementor-field-textual elementor-field  elementor-size-sm\" name=\"form_fields[message]\" id=\"form-field-message\" rows=\"4\" placeholder=\"Mensaje\"><\/textarea>\t\t\t\t<\/div>\n\t\t\t\t\t\t\t\t<div class=\"elementor-field-group elementor-column elementor-field-type-submit elementor-col-100 e-form__buttons\">\n\t\t\t\t\t<button class=\"elementor-button elementor-size-sm\" type=\"submit\">\n\t\t\t\t\t\t<span class=\"elementor-button-content-wrapper\">\n\t\t\t\t\t\t\t\t\t\t\t\t\t\t\t\t\t\t\t\t\t\t<span class=\"elementor-button-text\">SOLICITAR COTIZACI\u00d3N<\/span>\n\t\t\t\t\t\t\t\t\t\t\t\t\t<\/span>\n\t\t\t\t\t<\/button>\n\t\t\t\t<\/div>\n\t\t\t<\/div>\n\t\t<\/form>\n\t\t\t\t\t\t<\/div>\n\t\t\t\t<\/div>\n\t\t<div class=\"elementor-element elementor-element-3ee68b06 e-con-full e-flex wpr-particle-no wpr-jarallax-no wpr-parallax-no wpr-sticky-section-no e-con e-child\" data-id=\"3ee68b06\" data-element_type=\"container\">\n\t\t\t\t<\/div>\n\t\t\t\t\t<\/div>\n\t\t\t\t<\/div>\n\t\t\t\t<\/div>\n\t\t","protected":false},"excerpt":{"rendered":"<p>PRODUCTOS Inicio &#8211; Productos Transformadores de Potencia El transformador de potencia es utilizado en subestaciones de distribuci\u00f3n el\u00e9ctrica, convierten la electricidad a valores de voltaje m\u00e1s altos y bajos para fines espec\u00edficos. En las redes el\u00e9ctricas, se considera como un componente principal para suministrar tensi\u00f3n a sus conexiones. Filtros Activos de Potencia Los filtros de potencia activa son utilizados para reducir los niveles de arm\u00f3nicos, as\u00ed tambi\u00e9n para la compensaci\u00f3n de energ\u00eda reactiva presentes en la red, permiten mejorar la calidad de la energ\u00eda, aumentando la estabilidad de la red el\u00e9ctrica. \u00a0 Banco de Condensadores Los bancos de condensadores juegan un rol importante en el funcionamiento de toda subestaci\u00f3n el\u00e9ctrica, compensando la energ\u00eda reactiva consumida por los motores el\u00e9ctricos, reduciendo ca\u00eddas de tensi\u00f3n, fallas de energ\u00eda y corrigiendo la transmisi\u00f3n de energ\u00eda en los cables el\u00e9ctricos, para evitar la generaci\u00f3n de mayores costos prevenientes de este tipo de energ\u00eda. Tableros El\u00e9ctricos En una instalaci\u00f3n el\u00e9ctrica, los tableros el\u00e9ctricos son la parte principal, es all\u00ed, donde se encuentran los dispositivos de seguridad y los mecanismos de maniobra de dicha instalaci\u00f3n. En t\u00e9rminos generales, los tableros el\u00e9ctricos son gabinetes en los que se concentran los dispositivos de conexi\u00f3n, control, maniobra, protecci\u00f3n, medida, se\u00f1alizaci\u00f3n y distribuci\u00f3n, todos estos dispositivos permiten que una instalaci\u00f3n el\u00e9ctrica funcione adecuadamente. Los tableros el\u00e9ctricos deben cumplir las normas el\u00e9ctricas que permitan su funcionamiento de forma adecuada cuando ya se encuentra en funcionamiento en la instalaci\u00f3n el\u00e9ctrica. El cumplimiento de estas normas garantiza la seguridad tanto de las instalaciones en las que haya presencia de tableros el\u00e9ctricos como de los operarios. }Una importante medida de seguridad para los tableros el\u00e9ctricos es la instalaci\u00f3n de interruptores de seguridad (interruptores diferenciales) principalmente en los circuitos derivados. El dise\u00f1o, fabricaci\u00f3n, montaje y pruebas diel\u00e9ctricas realizadas de manera correcta permitir\u00e1 la fiabilidad y continuidad del servicio el\u00e9ctrico. Solicitar una Cotizaci\u00f3n Estamos a su disposici\u00f3n<\/p>\n","protected":false},"author":1,"featured_media":0,"parent":0,"menu_order":0,"comment_status":"closed","ping_status":"closed","template":"elementor_canvas","meta":{"footnotes":""},"class_list":["post-1392","page","type-page","status-publish","hentry"],"_links":{"self":[{"href":"https:\/\/marcfcorporation.com\/index.php\/wp-json\/wp\/v2\/pages\/1392","targetHints":{"allow":["GET"]}}],"collection":[{"href":"https:\/\/marcfcorporation.com\/index.php\/wp-json\/wp\/v2\/pages"}],"about":[{"href":"https:\/\/marcfcorporation.com\/index.php\/wp-json\/wp\/v2\/types\/page"}],"author":[{"embeddable":true,"href":"https:\/\/marcfcorporation.com\/index.php\/wp-json\/wp\/v2\/users\/1"}],"replies":[{"embeddable":true,"href":"https:\/\/marcfcorporation.com\/index.php\/wp-json\/wp\/v2\/comments?post=1392"}],"version-history":[{"count":19,"href":"https:\/\/marcfcorporation.com\/index.php\/wp-json\/wp\/v2\/pages\/1392\/revisions"}],"predecessor-version":[{"id":1493,"href":"https:\/\/marcfcorporation.com\/index.php\/wp-json\/wp\/v2\/pages\/1392\/revisions\/1493"}],"wp:attachment":[{"href":"https:\/\/marcfcorporation.com\/index.php\/wp-json\/wp\/v2\/media?parent=1392"}],"curies":[{"name":"wp","href":"https:\/\/api.w.org\/{rel}","templated":true}]}}